{"id":259,"date":"2025-10-03T09:53:34","date_gmt":"2025-10-03T09:53:34","guid":{"rendered":"https:\/\/sight-quest.com\/?page_id=259"},"modified":"2026-04-14T08:29:28","modified_gmt":"2026-04-14T08:29:28","slug":"how-it-works","status":"publish","type":"page","link":"https:\/\/sight-quest.com\/en\/so-funktionierts\/","title":{"rendered":"How it works"},"content":{"rendered":"\t\t<div data-elementor-type=\"wp-page\" data-elementor-id=\"259\" class=\"elementor elementor-259\" data-elementor-post-type=\"page\">\n\t\t\t\t<div class=\"elementor-element elementor-element-0ed1ba8 e-flex e-con-boxed e-con e-parent\" data-id=\"0ed1ba8\" data-element_type=\"container\" data-e-type=\"container\" data-settings=\"{&quot;background_background&quot;:&quot;gradient&quot;}\">\n\t\t\t\t\t<div class=\"e-con-inner\">\n\t\t<div class=\"elementor-element elementor-element-8a29813 e-con-full e-flex elementor-invisible e-con e-child\" data-id=\"8a29813\" data-element_type=\"container\" data-e-type=\"container\" data-settings=\"{&quot;animation&quot;:&quot;fadeInUp&quot;}\">\n\t\t\t\t<div class=\"elementor-element elementor-element-755411e elementor-widget__width-inherit elementor-widget elementor-widget-heading\" data-id=\"755411e\" data-element_type=\"widget\" data-e-type=\"widget\" data-widget_type=\"heading.default\">\n\t\t\t\t\t<h1 class=\"elementor-heading-title elementor-size-default\">Wie funktioniert eine<\/h1>\t\t\t\t<\/div>\n\t\t<div class=\"elementor-element elementor-element-9352253 e-con-full e-flex elementor-invisible e-con e-child\" data-id=\"9352253\" data-element_type=\"container\" data-e-type=\"container\" data-settings=\"{&quot;animation&quot;:&quot;fadeInUp&quot;,&quot;animation_delay&quot;:120}\">\n\t\t\t\t<div class=\"elementor-element elementor-element-0e02313 elementor-widget elementor-widget-heading\" data-id=\"0e02313\" data-element_type=\"widget\" data-e-type=\"widget\" data-widget_type=\"heading.default\">\n\t\t\t\t\t<h2 class=\"elementor-heading-title elementor-size-default\">Sight<\/h2>\t\t\t\t<\/div>\n\t\t\t\t<div class=\"elementor-element elementor-element-6482ddf elementor-widget elementor-widget-heading\" data-id=\"6482ddf\" data-element_type=\"widget\" data-e-type=\"widget\" data-widget_type=\"heading.default\">\n\t\t\t\t\t<h2 class=\"elementor-heading-title elementor-size-default\">Quest<\/h2>\t\t\t\t<\/div>\n\t\t\t\t<div class=\"elementor-element elementor-element-839709f elementor-widget elementor-widget-heading\" data-id=\"839709f\" data-element_type=\"widget\" data-e-type=\"widget\" data-widget_type=\"heading.default\">\n\t\t\t\t\t<h2 class=\"elementor-heading-title elementor-size-default\">?<\/h2>\t\t\t\t<\/div>\n\t\t\t\t<\/div>\n\t\t\t\t<div class=\"elementor-element elementor-element-de7659b elementor-widget elementor-widget-text-editor\" data-id=\"de7659b\" data-element_type=\"widget\" data-e-type=\"widget\" data-widget_type=\"text-editor.default\">\n\t\t\t\t\t\t\t\t\t<p>Hier erf\u00e4hrst du wie&#8217;s geht.<\/p>\t\t\t\t\t\t\t\t<\/div>\n\t\t\t\t<\/div>\n\t\t\t\t\t<\/div>\n\t\t\t\t<\/div>\n\t\t<div class=\"elementor-element elementor-element-b4814a8 e-flex e-con-boxed e-con e-parent\" data-id=\"b4814a8\" data-element_type=\"container\" data-e-type=\"container\" data-settings=\"{&quot;background_background&quot;:&quot;classic&quot;}\">\n\t\t\t\t\t<div class=\"e-con-inner\">\n\t\t\t\t<div class=\"elementor-element elementor-element-61e295d elementor-pagination-type-progressbar elementor-arrows-position-inside elementor-widget elementor-widget-n-carousel\" data-id=\"61e295d\" data-element_type=\"widget\" data-e-type=\"widget\" data-settings=\"{&quot;carousel_items&quot;:[{&quot;slide_title&quot;:&quot;Slide 1&quot;,&quot;_id&quot;:&quot;6a0203f&quot;},{&quot;slide_title&quot;:&quot;Slide 2&quot;,&quot;_id&quot;:&quot;8ff1b98&quot;},{&quot;slide_title&quot;:&quot;Folie 3&quot;,&quot;_id&quot;:&quot;24ee160&quot;},{&quot;_id&quot;:&quot;34d1982&quot;,&quot;slide_title&quot;:&quot;Folie #4&quot;},{&quot;_id&quot;:&quot;ee56ac0&quot;,&quot;slide_title&quot;:&quot;Folie #5&quot;},{&quot;_id&quot;:&quot;cb659d7&quot;,&quot;slide_title&quot;:&quot;Folie #6&quot;}],&quot;slides_to_show&quot;:&quot;3&quot;,&quot;slides_to_scroll&quot;:&quot;1&quot;,&quot;pagination&quot;:&quot;progressbar&quot;,&quot;slides_to_show_tablet&quot;:&quot;2&quot;,&quot;slides_to_show_mobile&quot;:&quot;1&quot;,&quot;infinite&quot;:&quot;yes&quot;,&quot;speed&quot;:500,&quot;offset_sides&quot;:&quot;none&quot;,&quot;arrows&quot;:&quot;yes&quot;,&quot;image_spacing_custom&quot;:{&quot;unit&quot;:&quot;px&quot;,&quot;size&quot;:10,&quot;sizes&quot;:[]},&quot;image_spacing_custom_tablet&quot;:{&quot;unit&quot;:&quot;px&quot;,&quot;size&quot;:&quot;&quot;,&quot;sizes&quot;:[]},&quot;image_spacing_custom_mobile&quot;:{&quot;unit&quot;:&quot;px&quot;,&quot;size&quot;:&quot;&quot;,&quot;sizes&quot;:[]}}\" data-no-translation=\"\" data-widget_type=\"nested-carousel.default\">\n\t\t\t\t\t<style>.elementor-element-61e295d{display:none !important}<\/style>\t\t\t\t<\/div>\n\t\t\t\t<div class=\"elementor-element elementor-element-72fd68d elementor-pagination-type-progressbar elementor-arrows-position-inside elementor-widget elementor-widget-n-carousel\" data-id=\"72fd68d\" data-element_type=\"widget\" data-e-type=\"widget\" data-settings=\"{&quot;carousel_items&quot;:[{&quot;slide_title&quot;:&quot;Slide 1&quot;,&quot;_id&quot;:&quot;6a0203f&quot;},{&quot;slide_title&quot;:&quot;Slide 2&quot;,&quot;_id&quot;:&quot;8ff1b98&quot;},{&quot;slide_title&quot;:&quot;Folie 3&quot;,&quot;_id&quot;:&quot;24ee160&quot;},{&quot;_id&quot;:&quot;34d1982&quot;,&quot;slide_title&quot;:&quot;Folie #4&quot;},{&quot;_id&quot;:&quot;ee56ac0&quot;,&quot;slide_title&quot;:&quot;Folie #5&quot;},{&quot;_id&quot;:&quot;cb659d7&quot;,&quot;slide_title&quot;:&quot;Folie #6&quot;}],&quot;slides_to_show&quot;:&quot;3&quot;,&quot;slides_to_scroll&quot;:&quot;1&quot;,&quot;pagination&quot;:&quot;progressbar&quot;,&quot;slides_to_show_tablet&quot;:&quot;2&quot;,&quot;slides_to_show_mobile&quot;:&quot;1&quot;,&quot;infinite&quot;:&quot;yes&quot;,&quot;speed&quot;:500,&quot;offset_sides&quot;:&quot;none&quot;,&quot;arrows&quot;:&quot;yes&quot;,&quot;image_spacing_custom&quot;:{&quot;unit&quot;:&quot;px&quot;,&quot;size&quot;:10,&quot;sizes&quot;:[]},&quot;image_spacing_custom_tablet&quot;:{&quot;unit&quot;:&quot;px&quot;,&quot;size&quot;:&quot;&quot;,&quot;sizes&quot;:[]},&quot;image_spacing_custom_mobile&quot;:{&quot;unit&quot;:&quot;px&quot;,&quot;size&quot;:&quot;&quot;,&quot;sizes&quot;:[]}}\" data-no-translation=\"\" data-widget_type=\"nested-carousel.default\">\n\t\t\t\t\t\t\t<div class=\"e-n-carousel swiper\" role=\"region\" aria-roledescription=\"carousel\" aria-label=\"Karussell\" dir=\"ltr\">\n\t\t\t<div class=\"swiper-wrapper\" aria-live=\"polite\">\n\t\t\t\t\t\t\t\t\t\t<div class=\"swiper-slide\" data-slide=\"1\" role=\"group\" aria-roledescription=\"slide\" aria-label=\"1 of 6\">\n\t\t\t\t\t\t\t<div class=\"elementor-element elementor-element-910c3d3 e-flex e-con-boxed e-con e-child\" data-id=\"910c3d3\" data-element_type=\"container\" data-e-type=\"container\">\n\t\t\t\t\t<div class=\"e-con-inner\">\n\t\t\t\t<div class=\"elementor-element elementor-element-0a0d73e elementor-widget elementor-widget-image\" data-id=\"0a0d73e\" data-element_type=\"widget\" data-e-type=\"widget\" data-widget_type=\"image.default\">\n\t\t\t\t\t\t\t\t\t\t\t\t\t\t\t<img fetchpriority=\"high\" decoding=\"async\" width=\"756\" height=\"1536\" src=\"https:\/\/sight-quest.com\/wp-content\/uploads\/2026\/03\/Bildschirmfoto-2026-03-14-um-11.35.57-3.webp\" class=\"attachment-full size-full wp-image-6203\" alt=\"\" srcset=\"https:\/\/sight-quest.com\/wp-content\/uploads\/2026\/03\/Bildschirmfoto-2026-03-14-um-11.35.57-3.webp 756w, https:\/\/sight-quest.com\/wp-content\/uploads\/2026\/03\/Bildschirmfoto-2026-03-14-um-11.35.57-3-148x300.webp 148w, https:\/\/sight-quest.com\/wp-content\/uploads\/2026\/03\/Bildschirmfoto-2026-03-14-um-11.35.57-3-504x1024.webp 504w, https:\/\/sight-quest.com\/wp-content\/uploads\/2026\/03\/Bildschirmfoto-2026-03-14-um-11.35.57-3-6x12.webp 6w, https:\/\/sight-quest.com\/wp-content\/uploads\/2026\/03\/Bildschirmfoto-2026-03-14-um-11.35.57-3-600x1219.webp 600w\" sizes=\"(max-width: 756px) 100vw, 756px\" \/>\t\t\t\t\t\t\t\t\t\t\t\t\t\t\t<\/div>\n\t\t\t\t\t<\/div>\n\t\t\t\t<\/div>\n\t\t\t\t\t\t\t\t<\/div>\n\t\t\t\t\t\t\t\t\t\t\t<div class=\"swiper-slide\" data-slide=\"2\" role=\"group\" aria-roledescription=\"slide\" aria-label=\"2 of 6\">\n\t\t\t\t\t\t\t<div class=\"elementor-element elementor-element-aa55a73 e-flex e-con-boxed e-con e-child\" data-id=\"aa55a73\" data-element_type=\"container\" data-e-type=\"container\">\n\t\t\t\t\t<div class=\"e-con-inner\">\n\t\t\t\t<div class=\"elementor-element elementor-element-698659d elementor-widget elementor-widget-image\" data-id=\"698659d\" data-element_type=\"widget\" data-e-type=\"widget\" data-widget_type=\"image.default\">\n\t\t\t\t\t\t\t\t\t\t\t\t\t\t\t<img decoding=\"async\" width=\"756\" height=\"1536\" src=\"https:\/\/sight-quest.com\/wp-content\/uploads\/2026\/03\/Bildschirmfoto-2026-03-14-um-11.36.30-3.webp\" class=\"attachment-full size-full wp-image-6202\" alt=\"\" srcset=\"https:\/\/sight-quest.com\/wp-content\/uploads\/2026\/03\/Bildschirmfoto-2026-03-14-um-11.36.30-3.webp 756w, https:\/\/sight-quest.com\/wp-content\/uploads\/2026\/03\/Bildschirmfoto-2026-03-14-um-11.36.30-3-148x300.webp 148w, https:\/\/sight-quest.com\/wp-content\/uploads\/2026\/03\/Bildschirmfoto-2026-03-14-um-11.36.30-3-504x1024.webp 504w, https:\/\/sight-quest.com\/wp-content\/uploads\/2026\/03\/Bildschirmfoto-2026-03-14-um-11.36.30-3-6x12.webp 6w, https:\/\/sight-quest.com\/wp-content\/uploads\/2026\/03\/Bildschirmfoto-2026-03-14-um-11.36.30-3-600x1219.webp 600w\" sizes=\"(max-width: 756px) 100vw, 756px\" \/>\t\t\t\t\t\t\t\t\t\t\t\t\t\t\t<\/div>\n\t\t\t\t\t<\/div>\n\t\t\t\t<\/div>\n\t\t\t\t\t\t\t\t<\/div>\n\t\t\t\t\t\t\t\t\t\t\t<div class=\"swiper-slide\" data-slide=\"3\" role=\"group\" aria-roledescription=\"slide\" aria-label=\"3 of 6\">\n\t\t\t\t\t\t\t<div class=\"elementor-element elementor-element-3667a73 e-flex e-con-boxed e-con e-child\" data-id=\"3667a73\" data-element_type=\"container\" data-e-type=\"container\">\n\t\t\t\t\t<div class=\"e-con-inner\">\n\t\t\t\t<div class=\"elementor-element elementor-element-5ee93d1 elementor-widget elementor-widget-image\" data-id=\"5ee93d1\" data-element_type=\"widget\" data-e-type=\"widget\" data-widget_type=\"image.default\">\n\t\t\t\t\t\t\t\t\t\t\t\t\t\t\t<img decoding=\"async\" width=\"756\" height=\"1536\" src=\"https:\/\/sight-quest.com\/wp-content\/uploads\/2026\/03\/Bildschirmfoto-2026-03-14-um-11.36.59-3.webp\" class=\"attachment-full size-full wp-image-6201\" alt=\"\" srcset=\"https:\/\/sight-quest.com\/wp-content\/uploads\/2026\/03\/Bildschirmfoto-2026-03-14-um-11.36.59-3.webp 756w, https:\/\/sight-quest.com\/wp-content\/uploads\/2026\/03\/Bildschirmfoto-2026-03-14-um-11.36.59-3-148x300.webp 148w, https:\/\/sight-quest.com\/wp-content\/uploads\/2026\/03\/Bildschirmfoto-2026-03-14-um-11.36.59-3-504x1024.webp 504w, https:\/\/sight-quest.com\/wp-content\/uploads\/2026\/03\/Bildschirmfoto-2026-03-14-um-11.36.59-3-6x12.webp 6w, https:\/\/sight-quest.com\/wp-content\/uploads\/2026\/03\/Bildschirmfoto-2026-03-14-um-11.36.59-3-600x1219.webp 600w\" sizes=\"(max-width: 756px) 100vw, 756px\" \/>\t\t\t\t\t\t\t\t\t\t\t\t\t\t\t<\/div>\n\t\t\t\t\t<\/div>\n\t\t\t\t<\/div>\n\t\t\t\t\t\t\t\t<\/div>\n\t\t\t\t\t\t\t\t\t\t\t<div class=\"swiper-slide\" data-slide=\"4\" role=\"group\" aria-roledescription=\"slide\" aria-label=\"4 of 6\">\n\t\t\t\t\t\t\t<div class=\"elementor-element elementor-element-16f1f21 e-flex e-con-boxed e-con e-child\" data-id=\"16f1f21\" data-element_type=\"container\" data-e-type=\"container\">\n\t\t\t\t\t<div class=\"e-con-inner\">\n\t\t\t\t<div class=\"elementor-element elementor-element-ec35879 elementor-widget elementor-widget-image\" data-id=\"ec35879\" data-element_type=\"widget\" data-e-type=\"widget\" data-widget_type=\"image.default\">\n\t\t\t\t\t\t\t\t\t\t\t\t\t\t\t<img loading=\"lazy\" decoding=\"async\" width=\"756\" height=\"1536\" src=\"https:\/\/sight-quest.com\/wp-content\/uploads\/2026\/03\/Bildschirmfoto-2026-03-14-um-11.37.29-3.webp\" class=\"attachment-full size-full wp-image-6200\" alt=\"\" srcset=\"https:\/\/sight-quest.com\/wp-content\/uploads\/2026\/03\/Bildschirmfoto-2026-03-14-um-11.37.29-3.webp 756w, https:\/\/sight-quest.com\/wp-content\/uploads\/2026\/03\/Bildschirmfoto-2026-03-14-um-11.37.29-3-148x300.webp 148w, https:\/\/sight-quest.com\/wp-content\/uploads\/2026\/03\/Bildschirmfoto-2026-03-14-um-11.37.29-3-504x1024.webp 504w, https:\/\/sight-quest.com\/wp-content\/uploads\/2026\/03\/Bildschirmfoto-2026-03-14-um-11.37.29-3-6x12.webp 6w, https:\/\/sight-quest.com\/wp-content\/uploads\/2026\/03\/Bildschirmfoto-2026-03-14-um-11.37.29-3-600x1219.webp 600w\" sizes=\"(max-width: 756px) 100vw, 756px\" \/>\t\t\t\t\t\t\t\t\t\t\t\t\t\t\t<\/div>\n\t\t\t\t\t<\/div>\n\t\t\t\t<\/div>\n\t\t\t\t\t\t\t\t<\/div>\n\t\t\t\t\t\t\t\t\t\t\t<div class=\"swiper-slide\" data-slide=\"5\" role=\"group\" aria-roledescription=\"slide\" aria-label=\"5 of 6\">\n\t\t\t\t\t\t\t<div class=\"elementor-element elementor-element-1410358 e-flex e-con-boxed e-con e-child\" data-id=\"1410358\" data-element_type=\"container\" data-e-type=\"container\">\n\t\t\t\t\t<div class=\"e-con-inner\">\n\t\t\t\t<div class=\"elementor-element elementor-element-949546e elementor-widget elementor-widget-image\" data-id=\"949546e\" data-element_type=\"widget\" data-e-type=\"widget\" data-widget_type=\"image.default\">\n\t\t\t\t\t\t\t\t\t\t\t\t\t\t\t<img loading=\"lazy\" decoding=\"async\" width=\"756\" height=\"1536\" src=\"https:\/\/sight-quest.com\/wp-content\/uploads\/2026\/03\/Bildschirmfoto-2026-03-14-um-11.38.02-3.webp\" class=\"attachment-full size-full wp-image-6199\" alt=\"\" srcset=\"https:\/\/sight-quest.com\/wp-content\/uploads\/2026\/03\/Bildschirmfoto-2026-03-14-um-11.38.02-3.webp 756w, https:\/\/sight-quest.com\/wp-content\/uploads\/2026\/03\/Bildschirmfoto-2026-03-14-um-11.38.02-3-148x300.webp 148w, https:\/\/sight-quest.com\/wp-content\/uploads\/2026\/03\/Bildschirmfoto-2026-03-14-um-11.38.02-3-504x1024.webp 504w, https:\/\/sight-quest.com\/wp-content\/uploads\/2026\/03\/Bildschirmfoto-2026-03-14-um-11.38.02-3-6x12.webp 6w, https:\/\/sight-quest.com\/wp-content\/uploads\/2026\/03\/Bildschirmfoto-2026-03-14-um-11.38.02-3-600x1219.webp 600w\" sizes=\"(max-width: 756px) 100vw, 756px\" \/>\t\t\t\t\t\t\t\t\t\t\t\t\t\t\t<\/div>\n\t\t\t\t\t<\/div>\n\t\t\t\t<\/div>\n\t\t\t\t\t\t\t\t<\/div>\n\t\t\t\t\t\t\t\t\t\t\t<div class=\"swiper-slide\" data-slide=\"6\" role=\"group\" aria-roledescription=\"slide\" aria-label=\"6 of 6\">\n\t\t\t\t\t\t\t<div class=\"elementor-element elementor-element-49686f9 e-flex e-con-boxed e-con e-child\" data-id=\"49686f9\" data-element_type=\"container\" data-e-type=\"container\">\n\t\t\t\t\t<div class=\"e-con-inner\">\n\t\t\t\t<div class=\"elementor-element elementor-element-8027007 elementor-widget elementor-widget-image\" data-id=\"8027007\" data-element_type=\"widget\" data-e-type=\"widget\" data-widget_type=\"image.default\">\n\t\t\t\t\t\t\t\t\t\t\t\t\t\t\t<img loading=\"lazy\" decoding=\"async\" width=\"756\" height=\"1536\" src=\"https:\/\/sight-quest.com\/wp-content\/uploads\/2026\/03\/Bildschirmfoto-2026-03-14-um-11.38.27-3.webp\" class=\"attachment-full size-full wp-image-6198\" alt=\"\" srcset=\"https:\/\/sight-quest.com\/wp-content\/uploads\/2026\/03\/Bildschirmfoto-2026-03-14-um-11.38.27-3.webp 756w, https:\/\/sight-quest.com\/wp-content\/uploads\/2026\/03\/Bildschirmfoto-2026-03-14-um-11.38.27-3-148x300.webp 148w, https:\/\/sight-quest.com\/wp-content\/uploads\/2026\/03\/Bildschirmfoto-2026-03-14-um-11.38.27-3-504x1024.webp 504w, https:\/\/sight-quest.com\/wp-content\/uploads\/2026\/03\/Bildschirmfoto-2026-03-14-um-11.38.27-3-6x12.webp 6w, https:\/\/sight-quest.com\/wp-content\/uploads\/2026\/03\/Bildschirmfoto-2026-03-14-um-11.38.27-3-600x1219.webp 600w\" sizes=\"(max-width: 756px) 100vw, 756px\" \/>\t\t\t\t\t\t\t\t\t\t\t\t\t\t\t<\/div>\n\t\t\t\t\t<\/div>\n\t\t\t\t<\/div>\n\t\t\t\t\t\t\t\t<\/div>\n\t\t\t\t\t\t\t\t<\/div>\n\t\t<\/div>\n\t\t\t\t\t<div class=\"elementor-swiper-button elementor-swiper-button-prev\" role=\"button\" tabindex=\"0\" aria-label=\"Previous\">\n\t\t\t\t<svg aria-hidden=\"true\" class=\"e-font-icon-svg e-eicon-chevron-left\" viewBox=\"0 0 1000 1000\" xmlns=\"http:\/\/www.w3.org\/2000\/svg\"><path d=\"M646 125C629 125 613 133 604 142L308 442C296 454 292 471 292 487 292 504 296 521 308 533L604 854C617 867 629 875 646 875 663 875 679 871 692 858 704 846 713 829 713 812 713 796 708 779 692 767L438 487 692 225C700 217 708 204 708 187 708 171 704 154 692 142 675 129 663 125 646 125Z\"><\/path><\/svg>\t\t\t<\/div>\n\t\t\t<div class=\"elementor-swiper-button elementor-swiper-button-next\" role=\"button\" tabindex=\"0\" aria-label=\"Next\">\n\t\t\t\t<svg aria-hidden=\"true\" class=\"e-font-icon-svg e-eicon-chevron-right\" viewBox=\"0 0 1000 1000\" xmlns=\"http:\/\/www.w3.org\/2000\/svg\"><path d=\"M696 533C708 521 713 504 713 487 713 471 708 454 696 446L400 146C388 133 375 125 354 125 338 125 325 129 313 142 300 154 292 171 292 187 292 204 296 221 308 233L563 492 304 771C292 783 288 800 288 817 288 833 296 850 308 863 321 871 338 875 354 875 371 875 388 867 400 854L696 533Z\"><\/path><\/svg>\t\t\t<\/div>\n\t\t\t\t\t<div class=\"swiper-pagination\"><\/div>\n\t\t\t\t\t\t<\/div>\n\t\t\t\t\t<\/div>\n\t\t\t\t<\/div>\n\t\t<div class=\"elementor-element elementor-element-00a2b98 e-flex e-con-boxed e-con e-parent\" data-id=\"00a2b98\" data-element_type=\"container\" data-e-type=\"container\" data-settings=\"{&quot;background_background&quot;:&quot;classic&quot;}\">\n\t\t\t\t\t<div class=\"e-con-inner\">\n\t\t\t\t<div class=\"elementor-element elementor-element-739303e elementor-invisible elementor-widget elementor-widget-heading\" data-id=\"739303e\" data-element_type=\"widget\" data-e-type=\"widget\" data-settings=\"{&quot;motion_fx_motion_fx_scrolling&quot;:&quot;yes&quot;,&quot;_animation&quot;:&quot;fadeInUp&quot;,&quot;motion_fx_devices&quot;:[&quot;desktop&quot;,&quot;tablet&quot;,&quot;mobile&quot;]}\" data-widget_type=\"heading.default\">\n\t\t\t\t\t<h2 class=\"elementor-heading-title elementor-size-default\">Lust auf eine Proberunde?<\/h2>\t\t\t\t<\/div>\n\t\t\t\t<div class=\"elementor-element elementor-element-9b496ae elementor-widget elementor-widget-text-editor\" data-id=\"9b496ae\" data-element_type=\"widget\" data-e-type=\"widget\" data-widget_type=\"text-editor.default\">\n\t\t\t\t\t\t\t\t\t<p>Hier kommst du zu unserer Demo Quest. Schau dich gerne um und probiere ein wenig, damit du anschlie\u00dfend bei der echten Sight Quest direkt loslegen kannst!<\/p>\t\t\t\t\t\t\t\t<\/div>\n\t\t\t\t<div class=\"elementor-element elementor-element-669679b elementor-align-center elementor-invisible elementor-widget elementor-widget-button\" data-id=\"669679b\" data-element_type=\"widget\" data-e-type=\"widget\" data-settings=\"{&quot;_animation&quot;:&quot;fadeInUp&quot;,&quot;_animation_mobile&quot;:&quot;none&quot;}\" data-widget_type=\"button.default\">\n\t\t\t\t\t\t\t\t\t\t<a class=\"elementor-button elementor-button-link elementor-size-sm\" href=\"https:\/\/sight-quest.com\/en\/so-funktionierts\/start\/\">\n\t\t\t\t\t\t<span class=\"elementor-button-content-wrapper\">\n\t\t\t\t\t\t\t\t\t<span class=\"elementor-button-text\">Demo Quest<\/span>\n\t\t\t\t\t<\/span>\n\t\t\t\t\t<\/a>\n\t\t\t\t\t\t\t\t<\/div>\n\t\t\t\t<div class=\"elementor-element elementor-element-edbab14 elementor-hidden-tablet elementor-hidden-mobile elementor-widget elementor-widget-text-editor\" data-id=\"edbab14\" data-element_type=\"widget\" data-e-type=\"widget\" data-widget_type=\"text-editor.default\">\n\t\t\t\t\t\t\t\t\t<p>Achtung: Wir empfehlen die Demo am Smartphone oder Tablet zu \u00f6ffnen, da sie f\u00fcr Mobilger\u00e4te ausgelegt wurde.<\/p>\t\t\t\t\t\t\t\t<\/div>\n\t\t\t\t\t<\/div>\n\t\t\t\t<\/div>\n\t\t<div class=\"elementor-element elementor-element-9278a37 e-flex e-con-boxed e-con e-parent\" data-id=\"9278a37\" data-element_type=\"container\" data-e-type=\"container\" data-settings=\"{&quot;background_background&quot;:&quot;classic&quot;}\">\n\t\t\t\t\t<div class=\"e-con-inner\">\n\t\t\t\t<div class=\"elementor-element elementor-element-f562c22 elementor-invisible elementor-widget elementor-widget-heading\" data-id=\"f562c22\" data-element_type=\"widget\" data-e-type=\"widget\" data-settings=\"{&quot;motion_fx_motion_fx_scrolling&quot;:&quot;yes&quot;,&quot;_animation&quot;:&quot;fadeInUp&quot;,&quot;motion_fx_devices&quot;:[&quot;desktop&quot;,&quot;tablet&quot;,&quot;mobile&quot;]}\" data-widget_type=\"heading.default\">\n\t\t\t\t\t<h2 class=\"elementor-heading-title elementor-size-default\">Bereit wenn du's bist<\/h2>\t\t\t\t<\/div>\n\t\t<div class=\"elementor-element elementor-element-5719bac e-grid e-con-full e-con e-child\" data-id=\"5719bac\" data-element_type=\"container\" data-e-type=\"container\">\n\t\t<div class=\"elementor-element elementor-element-5b044f6 e-con-full e-flex e-con e-child\" data-id=\"5b044f6\" data-element_type=\"container\" data-e-type=\"container\">\n\t\t\t\t<div class=\"elementor-element elementor-element-c36a272 elementor-align-justify elementor-tablet-align-justify elementor-mobile-align-justify elementor-widget-mobile__width-inherit elementor-widget__width-initial elementor-widget elementor-widget-button\" data-id=\"c36a272\" data-element_type=\"widget\" data-e-type=\"widget\" data-widget_type=\"button.default\">\n\t\t\t\t\t\t\t\t\t\t<a class=\"elementor-button elementor-button-link elementor-size-sm\" href=\"https:\/\/sight-quest.com\/en\/quests\/\">\n\t\t\t\t\t\t<span class=\"elementor-button-content-wrapper\">\n\t\t\t\t\t\t\t\t\t<span class=\"elementor-button-text\">Quests<\/span>\n\t\t\t\t\t<\/span>\n\t\t\t\t\t<\/a>\n\t\t\t\t\t\t\t\t<\/div>\n\t\t\t\t<\/div>\n\t\t<div class=\"elementor-element elementor-element-0d7bd5b e-con-full e-flex e-con e-child\" data-id=\"0d7bd5b\" data-element_type=\"container\" data-e-type=\"container\">\n\t\t\t\t<div class=\"elementor-element elementor-element-0409886 elementor-align-justify elementor-tablet-align-justify elementor-mobile-align-justify elementor-widget-mobile__width-inherit elementor-widget__width-initial elementor-widget elementor-widget-button\" data-id=\"0409886\" data-element_type=\"widget\" data-e-type=\"widget\" data-widget_type=\"button.default\">\n\t\t\t\t\t\t\t\t\t\t<a class=\"elementor-button elementor-button-link elementor-size-sm\" href=\"https:\/\/sight-quest.com\/en\/touren\/\">\n\t\t\t\t\t\t<span class=\"elementor-button-content-wrapper\">\n\t\t\t\t\t\t\t\t\t<span class=\"elementor-button-text\">Touren<\/span>\n\t\t\t\t\t<\/span>\n\t\t\t\t\t<\/a>\n\t\t\t\t\t\t\t\t<\/div>\n\t\t\t\t<\/div>\n\t\t\t\t<\/div>\n\t\t\t\t\t<\/div>\n\t\t\t\t<\/div>\n\t\t\t\t<\/div>\n\t\t","protected":false},"excerpt":{"rendered":"<p>Wie funktioniert eine Sight Quest ? Hier erf\u00e4hrst du wie&#8217;s geht. Lust auf eine Proberunde? Hier kommst du zu unserer [&hellip;]<\/p>\n","protected":false},"author":1,"featured_media":0,"parent":0,"menu_order":0,"comment_status":"closed","ping_status":"closed","template":"","meta":{"site-sidebar-layout":"no-sidebar","site-content-layout":"","ast-site-content-layout":"full-width-container","site-content-style":"default","site-sidebar-style":"default","ast-global-header-display":"","ast-banner-title-visibility":"","ast-main-header-display":"","ast-hfb-above-header-display":"","ast-hfb-below-header-display":"","ast-hfb-mobile-header-display":"","site-post-title":"disabled","ast-breadcrumbs-content":"","ast-featured-img":"disabled","footer-sml-layout":"","ast-disable-related-posts":"","theme-transparent-header-meta":"","adv-header-id-meta":"","stick-header-meta":"","header-above-stick-meta":"","header-main-stick-meta":"","header-below-stick-meta":"","astra-migrate-meta-layouts":"default","ast-page-background-enabled":"default","ast-page-background-meta":{"desktop":{"background-color":"var(--ast-global-color-5)","background-image":"","background-repeat":"repeat","background-position":"center center","background-size":"auto","background-attachment":"scroll","background-type":"","background-media":"","overlay-type":"","overlay-color":"","overlay-opacity":"","overlay-gradient":""},"tablet":{"background-color":"","background-image":"","background-repeat":"repeat","background-position":"center center","background-size":"auto","background-attachment":"scroll","background-type":"","background-media":"","overlay-type":"","overlay-color":"","overlay-opacity":"","overlay-gradient":""},"mobile":{"background-color":"","background-image":"","background-repeat":"repeat","background-position":"center center","background-size":"auto","background-attachment":"scroll","background-type":"","background-media":"","overlay-type":"","overlay-color":"","overlay-opacity":"","overlay-gradient":""}},"ast-content-background-meta":{"desktop":{"background-color":"var(--ast-global-color-4)","background-image":"","background-repeat":"repeat","background-position":"center center","background-size":"auto","background-attachment":"scroll","background-type":"","background-media":"","overlay-type":"","overlay-color":"","overlay-opacity":"","overlay-gradient":""},"tablet":{"background-color":"var(--ast-global-color-4)","background-image":"","background-repeat":"repeat","background-position":"center center","background-size":"auto","background-attachment":"scroll","background-type":"","background-media":"","overlay-type":"","overlay-color":"","overlay-opacity":"","overlay-gradient":""},"mobile":{"background-color":"var(--ast-global-color-4)","background-image":"","background-repeat":"repeat","background-position":"center center","background-size":"auto","background-attachment":"scroll","background-type":"","background-media":"","overlay-type":"","overlay-color":"","overlay-opacity":"","overlay-gradient":""}},"footnotes":""},"class_list":["post-259","page","type-page","status-publish","hentry"],"_hostinger_reach_plugin_has_subscription_block":false,"_hostinger_reach_plugin_is_elementor":false,"_links":{"self":[{"href":"https:\/\/sight-quest.com\/en\/wp-json\/wp\/v2\/pages\/259","targetHints":{"allow":["GET"]}}],"collection":[{"href":"https:\/\/sight-quest.com\/en\/wp-json\/wp\/v2\/pages"}],"about":[{"href":"https:\/\/sight-quest.com\/en\/wp-json\/wp\/v2\/types\/page"}],"author":[{"embeddable":true,"href":"https:\/\/sight-quest.com\/en\/wp-json\/wp\/v2\/users\/1"}],"replies":[{"embeddable":true,"href":"https:\/\/sight-quest.com\/en\/wp-json\/wp\/v2\/comments?post=259"}],"version-history":[{"count":153,"href":"https:\/\/sight-quest.com\/en\/wp-json\/wp\/v2\/pages\/259\/revisions"}],"predecessor-version":[{"id":7821,"href":"https:\/\/sight-quest.com\/en\/wp-json\/wp\/v2\/pages\/259\/revisions\/7821"}],"wp:attachment":[{"href":"https:\/\/sight-quest.com\/en\/wp-json\/wp\/v2\/media?parent=259"}],"curies":[{"name":"wp","href":"https:\/\/api.w.org\/{rel}","templated":true}]}}